{"id":632,"date":"2026-03-13T12:39:41","date_gmt":"2026-03-13T12:39:41","guid":{"rendered":"https:\/\/xusongotngao.azdigi.shop\/?post_type=product&#038;p=632"},"modified":"2026-03-26T07:58:19","modified_gmt":"2026-03-26T07:58:19","slug":"nuoc-ep-da-bao","status":"publish","type":"product","link":"https:\/\/xusongotngao.azdigi.shop\/?product=nuoc-ep-da-bao","title":{"rendered":"N\u01b0\u1edbc \u00c9p \u0110\u00e1 B\u00e0o"},"content":{"rendered":"<h3 data-section-id=\"cytuw9\" data-start=\"169\" data-end=\"226\">N\u01b0\u1edbc \u00e9p \u0111\u00e1 b\u00e0o \u2013 Th\u1ee9c u\u1ed1ng m\u00e1t l\u1ea1nh gi\u1ea3i kh\u00e1t ng\u00e0y n\u00f3ng<\/h3>\n<p data-start=\"268\" data-end=\"498\">N\u01b0\u1edbc \u00e9p \u0111\u00e1 b\u00e0o l\u00e0 m\u1ed9t trong nh\u1eefng lo\u1ea1i \u0111\u1ed3 u\u1ed1ng \u0111\u01b0\u1ee3c nhi\u1ec1u ng\u01b0\u1eddi y\u00eau th\u00edch, \u0111\u1eb7c bi\u1ec7t v\u00e0o nh\u1eefng ng\u00e0y th\u1eddi ti\u1ebft n\u00f3ng. Th\u1ee9c u\u1ed1ng n\u00e0y c\u00f3 s\u1ef1 k\u1ebft h\u1ee3p gi\u1eefa n\u01b0\u1edbc \u00e9p tr\u00e1i c\u00e2y t\u01b0\u01a1i v\u00e0 l\u1edbp \u0111\u00e1 b\u00e0o m\u1ecbn, t\u1ea1o n\u00ean c\u1ea3m gi\u00e1c m\u00e1t l\u1ea1nh v\u00e0 d\u1ec5 u\u1ed1ng.<\/p>\n<p data-start=\"500\" data-end=\"691\">\u0110i\u1ec3m \u0111\u1eb7c bi\u1ec7t c\u1ee7a lo\u1ea1i \u0111\u1ed3 u\u1ed1ng n\u00e0y n\u1eb1m \u1edf l\u1edbp \u0111\u00e1 \u0111\u01b0\u1ee3c b\u00e0o nhuy\u1ec5n. \u0110\u00e1 b\u00e0o gi\u00fap gi\u1eef nhi\u1ec7t \u0111\u1ed9 m\u00e1t l\u00e2u h\u01a1n khi th\u01b0\u1edfng th\u1ee9c. Khi h\u00f2a c\u00f9ng n\u01b0\u1edbc \u00e9p tr\u00e1i c\u00e2y, h\u01b0\u01a1ng v\u1ecb tr\u1edf n\u00ean t\u01b0\u01a1i m\u00e1t v\u00e0 h\u1ea5p d\u1eabn h\u01a1n.<\/p>\n<h3 data-section-id=\"azl7ey\" data-start=\"636\" data-end=\"665\">H\u01b0\u01a1ng v\u1ecb tr\u00e1i c\u00e2y t\u01b0\u01a1i m\u00e1t<\/h3>\n<p data-start=\"724\" data-end=\"922\">Th\u1ee9c u\u1ed1ng n\u00e0y c\u00f3 th\u1ec3 \u0111\u01b0\u1ee3c l\u00e0m t\u1eeb nhi\u1ec1u lo\u1ea1i tr\u00e1i c\u00e2y kh\u00e1c nhau. M\u1ed9t s\u1ed1 h\u01b0\u01a1ng v\u1ecb ph\u1ed5 bi\u1ebfn g\u1ed3m d\u00e2u, cam, d\u1ee9a ho\u1eb7c xo\u00e0i. M\u1ed7i lo\u1ea1i tr\u00e1i c\u00e2y mang \u0111\u1ebfn m\u1ed9t h\u01b0\u01a1ng v\u1ecb ri\u00eang v\u00e0 t\u1ea1o n\u00ean s\u1ef1 \u0111a d\u1ea1ng cho \u0111\u1ed3 u\u1ed1ng.<\/p>\n<p data-start=\"924\" data-end=\"1040\">Ngo\u00e0i ra, ly n\u01b0\u1edbc \u00e9p c\u00f2n c\u00f3 m\u00e0u s\u1eafc t\u01b0\u01a1i s\u00e1ng v\u00e0 b\u1eaft m\u1eaft. \u0110i\u1ec1u n\u00e0y gi\u00fap \u0111\u1ed3 u\u1ed1ng tr\u1edf n\u00ean h\u1ea5p d\u1eabn h\u01a1n khi th\u01b0\u1edfng th\u1ee9c.<\/p>\n<p data-start=\"667\" data-end=\"827\"><span style=\"font-size: 20.16px; color: #333333;\">Th\u1ee9c u\u1ed1ng gi\u1ea3i kh\u00e1t quen thu\u1ed9c<\/span><\/p>\n<p data-start=\"980\" data-end=\"1158\">Nhi\u1ec1u ng\u01b0\u1eddi ch\u1ecdn n\u01b0\u1edbc \u00e9p \u0111\u00e1 b\u00e0o \u0111\u1ec3 gi\u1ea3i kh\u00e1t trong ng\u00e0y n\u00f3ng. M\u1ed9t ly n\u01b0\u1edbc \u00e9p m\u00e1t l\u1ea1nh c\u00f3 th\u1ec3 gi\u00fap c\u01a1 th\u1ec3 c\u1ea3m th\u1ea5y d\u1ec5 ch\u1ecbu h\u01a1n. \u0110\u00e2y c\u0169ng l\u00e0 l\u1ef1a ch\u1ecdn ph\u00f9 h\u1ee3p khi g\u1eb7p g\u1ee1 b\u1ea1n b\u00e8.<\/p>\n<p data-start=\"1160\" data-end=\"1319\">Nh\u1edd h\u01b0\u01a1ng v\u1ecb th\u01a1m ngon v\u00e0 d\u1ec5 u\u1ed1ng, n\u01b0\u1edbc \u00e9p \u0111\u00e1 b\u00e0o ng\u00e0y c\u00e0ng \u0111\u01b0\u1ee3c nhi\u1ec1u ng\u01b0\u1eddi y\u00eau th\u00edch. Th\u1ee9c u\u1ed1ng n\u00e0y v\u1eeba gi\u00fap gi\u1ea3i kh\u00e1t, v\u1eeba mang l\u1ea1i c\u1ea3m gi\u00e1c s\u1ea3ng kho\u00e1i.<\/p>\n","protected":false},"excerpt":{"rendered":"<p>N\u01b0\u1edbc \u00e9p \u0111\u00e1 b\u00e0o \u2013 Th\u1ee9c u\u1ed1ng m\u00e1t l\u1ea1nh gi\u1ea3i kh\u00e1t ng\u00e0y n\u00f3ng N\u01b0\u1edbc \u00e9p \u0111\u00e1 b\u00e0o l\u00e0 m\u1ed9t trong nh\u1eefng lo\u1ea1i \u0111\u1ed3 u\u1ed1ng \u0111\u01b0\u1ee3c nhi\u1ec1u ng\u01b0\u1eddi y\u00eau th\u00edch, \u0111\u1eb7c bi\u1ec7t v\u00e0o nh\u1eefng ng\u00e0y th\u1eddi ti\u1ebft n\u00f3ng. Th\u1ee9c u\u1ed1ng n\u00e0y c\u00f3 s\u1ef1 k\u1ebft h\u1ee3p gi\u1eefa n\u01b0\u1edbc \u00e9p tr\u00e1i c\u00e2y t\u01b0\u01a1i v\u00e0 l\u1edbp \u0111\u00e1 b\u00e0o m\u1ecbn, [&#8230;]\n","protected":false},"featured_media":624,"comment_status":"open","ping_status":"closed","template":"","meta":[],"product_brand":[20],"product_cat":[24],"product_tag":[],"class_list":{"0":"post-632","1":"product","2":"type-product","3":"status-publish","4":"has-post-thumbnail","6":"product_brand-candyland","7":"product_cat-nuoc-uong","9":"first","10":"instock","11":"shipping-taxable","12":"purchasable","13":"product-type-variable"},"yoast_head":"<!-- This site is optimized with the Yoast SEO plugin v26.8 - https:\/\/yoast.com\/product\/yoast-seo-wordpress\/ -->\n<title>N\u01b0\u1edbc \u00c9p \u0110\u00e1 B\u00e0o - Candy Shop<\/title>\n<meta name=\"description\" content=\"N\u01b0\u1edbc \u00e9p \u0111\u00e1 b\u00e0o m\u00e1t l\u1ea1nh v\u1edbi h\u01b0\u01a1ng v\u1ecb tr\u00e1i c\u00e2y t\u01b0\u01a1i ngon, gi\u00fap gi\u1ea3i kh\u00e1t v\u00e0 mang l\u1ea1i c\u1ea3m gi\u00e1c s\u1ea3ng kho\u00e1i trong nh\u1eefng ng\u00e0y n\u00f3ng.\" \/>\n<meta name=\"robots\" content=\"noindex, follow, max-snippet:-1, max-image-preview:large, max-video-preview:-1\" \/>\n<meta property=\"og:locale\" content=\"vi_VN\" \/>\n<meta property=\"og:type\" content=\"article\" \/>\n<meta property=\"og:title\" content=\"N\u01b0\u1edbc \u00c9p \u0110\u00e1 B\u00e0o - Candy Shop\" \/>\n<meta property=\"og:description\" content=\"N\u01b0\u1edbc \u00e9p \u0111\u00e1 b\u00e0o m\u00e1t l\u1ea1nh v\u1edbi h\u01b0\u01a1ng v\u1ecb tr\u00e1i c\u00e2y t\u01b0\u01a1i ngon, gi\u00fap gi\u1ea3i kh\u00e1t v\u00e0 mang l\u1ea1i c\u1ea3m gi\u00e1c s\u1ea3ng kho\u00e1i trong nh\u1eefng ng\u00e0y n\u00f3ng.\" \/>\n<meta property=\"og:url\" content=\"https:\/\/xusongotngao.azdigi.shop\/?product=nuoc-ep-da-bao\" \/>\n<meta property=\"og:site_name\" content=\"Candy Shop\" \/>\n<meta property=\"article:modified_time\" content=\"2026-03-26T07:58:19+00:00\" \/>\n<meta property=\"og:image\" content=\"https:\/\/xusongotngao.azdigi.shop\/wp-content\/uploads\/2026\/03\/77e42276f3b3ac05e4b62aa83076c12c.jpg\" \/>\n\t<meta property=\"og:image:width\" content=\"700\" \/>\n\t<meta property=\"og:image:height\" content=\"700\" \/>\n\t<meta property=\"og:image:type\" content=\"image\/jpeg\" \/>\n<meta name=\"twitter:card\" content=\"summary_large_image\" \/>\n<meta name=\"twitter:label1\" content=\"\u01af\u1edbc t\u00ednh th\u1eddi gian \u0111\u1ecdc\" \/>\n\t<meta name=\"twitter:data1\" content=\"2 ph\u00fat\" \/>\n<script type=\"application\/ld+json\" class=\"yoast-schema-graph\">{\"@context\":\"https:\/\/schema.org\",\"@graph\":[{\"@type\":\"WebPage\",\"@id\":\"https:\/\/xusongotngao.azdigi.shop\/?product=nuoc-ep-da-bao\",\"url\":\"https:\/\/xusongotngao.azdigi.shop\/?product=nuoc-ep-da-bao\",\"name\":\"N\u01b0\u1edbc \u00c9p \u0110\u00e1 B\u00e0o - Candy Shop\",\"isPartOf\":{\"@id\":\"https:\/\/xusongotngao.azdigi.shop\/#website\"},\"primaryImageOfPage\":{\"@id\":\"https:\/\/xusongotngao.azdigi.shop\/?product=nuoc-ep-da-bao#primaryimage\"},\"image\":{\"@id\":\"https:\/\/xusongotngao.azdigi.shop\/?product=nuoc-ep-da-bao#primaryimage\"},\"thumbnailUrl\":\"https:\/\/xusongotngao.azdigi.shop\/wp-content\/uploads\/2026\/03\/77e42276f3b3ac05e4b62aa83076c12c.jpg\",\"datePublished\":\"2026-03-13T12:39:41+00:00\",\"dateModified\":\"2026-03-26T07:58:19+00:00\",\"description\":\"N\u01b0\u1edbc \u00e9p \u0111\u00e1 b\u00e0o m\u00e1t l\u1ea1nh v\u1edbi h\u01b0\u01a1ng v\u1ecb tr\u00e1i c\u00e2y t\u01b0\u01a1i ngon, gi\u00fap gi\u1ea3i kh\u00e1t v\u00e0 mang l\u1ea1i c\u1ea3m gi\u00e1c s\u1ea3ng kho\u00e1i trong nh\u1eefng ng\u00e0y n\u00f3ng.\",\"breadcrumb\":{\"@id\":\"https:\/\/xusongotngao.azdigi.shop\/?product=nuoc-ep-da-bao#breadcrumb\"},\"inLanguage\":\"vi\",\"potentialAction\":[{\"@type\":\"ReadAction\",\"target\":[\"https:\/\/xusongotngao.azdigi.shop\/?product=nuoc-ep-da-bao\"]}]},{\"@type\":\"ImageObject\",\"inLanguage\":\"vi\",\"@id\":\"https:\/\/xusongotngao.azdigi.shop\/?product=nuoc-ep-da-bao#primaryimage\",\"url\":\"https:\/\/xusongotngao.azdigi.shop\/wp-content\/uploads\/2026\/03\/77e42276f3b3ac05e4b62aa83076c12c.jpg\",\"contentUrl\":\"https:\/\/xusongotngao.azdigi.shop\/wp-content\/uploads\/2026\/03\/77e42276f3b3ac05e4b62aa83076c12c.jpg\",\"width\":700,\"height\":700,\"caption\":\"n\u01b0\u1edbc \u00e9p \u0111\u00e1 b\u00e0o tr\u00e1i c\u00e2y m\u00e1t l\u1ea1nh\"},{\"@type\":\"BreadcrumbList\",\"@id\":\"https:\/\/xusongotngao.azdigi.shop\/?product=nuoc-ep-da-bao#breadcrumb\",\"itemListElement\":[{\"@type\":\"ListItem\",\"position\":1,\"name\":\"Trang ch\u1ee7\",\"item\":\"https:\/\/xusongotngao.azdigi.shop\/\"},{\"@type\":\"ListItem\",\"position\":2,\"name\":\"C\u1eeda h\u00e0ng\",\"item\":\"https:\/\/xusongotngao.azdigi.shop\/?page_id=506\"},{\"@type\":\"ListItem\",\"position\":3,\"name\":\"N\u01b0\u1edbc \u00c9p \u0110\u00e1 B\u00e0o\"}]},{\"@type\":\"WebSite\",\"@id\":\"https:\/\/xusongotngao.azdigi.shop\/#website\",\"url\":\"https:\/\/xusongotngao.azdigi.shop\/\",\"name\":\"Candy Shop\",\"description\":\"\",\"potentialAction\":[{\"@type\":\"SearchAction\",\"target\":{\"@type\":\"EntryPoint\",\"urlTemplate\":\"https:\/\/xusongotngao.azdigi.shop\/?s={search_term_string}\"},\"query-input\":{\"@type\":\"PropertyValueSpecification\",\"valueRequired\":true,\"valueName\":\"search_term_string\"}}],\"inLanguage\":\"vi\"}]}<\/script>\n<!-- \/ Yoast SEO plugin. -->","yoast_head_json":{"title":"N\u01b0\u1edbc \u00c9p \u0110\u00e1 B\u00e0o - Candy Shop","description":"N\u01b0\u1edbc \u00e9p \u0111\u00e1 b\u00e0o m\u00e1t l\u1ea1nh v\u1edbi h\u01b0\u01a1ng v\u1ecb tr\u00e1i c\u00e2y t\u01b0\u01a1i ngon, gi\u00fap gi\u1ea3i kh\u00e1t v\u00e0 mang l\u1ea1i c\u1ea3m gi\u00e1c s\u1ea3ng kho\u00e1i trong nh\u1eefng ng\u00e0y n\u00f3ng.","robots":{"index":"noindex","follow":"follow","max-snippet":"max-snippet:-1","max-image-preview":"max-image-preview:large","max-video-preview":"max-video-preview:-1"},"og_locale":"vi_VN","og_type":"article","og_title":"N\u01b0\u1edbc \u00c9p \u0110\u00e1 B\u00e0o - Candy Shop","og_description":"N\u01b0\u1edbc \u00e9p \u0111\u00e1 b\u00e0o m\u00e1t l\u1ea1nh v\u1edbi h\u01b0\u01a1ng v\u1ecb tr\u00e1i c\u00e2y t\u01b0\u01a1i ngon, gi\u00fap gi\u1ea3i kh\u00e1t v\u00e0 mang l\u1ea1i c\u1ea3m gi\u00e1c s\u1ea3ng kho\u00e1i trong nh\u1eefng ng\u00e0y n\u00f3ng.","og_url":"https:\/\/xusongotngao.azdigi.shop\/?product=nuoc-ep-da-bao","og_site_name":"Candy Shop","article_modified_time":"2026-03-26T07:58:19+00:00","og_image":[{"width":700,"height":700,"url":"https:\/\/xusongotngao.azdigi.shop\/wp-content\/uploads\/2026\/03\/77e42276f3b3ac05e4b62aa83076c12c.jpg","type":"image\/jpeg"}],"twitter_card":"summary_large_image","twitter_misc":{"\u01af\u1edbc t\u00ednh th\u1eddi gian \u0111\u1ecdc":"2 ph\u00fat"},"schema":{"@context":"https:\/\/schema.org","@graph":[{"@type":"WebPage","@id":"https:\/\/xusongotngao.azdigi.shop\/?product=nuoc-ep-da-bao","url":"https:\/\/xusongotngao.azdigi.shop\/?product=nuoc-ep-da-bao","name":"N\u01b0\u1edbc \u00c9p \u0110\u00e1 B\u00e0o - Candy Shop","isPartOf":{"@id":"https:\/\/xusongotngao.azdigi.shop\/#website"},"primaryImageOfPage":{"@id":"https:\/\/xusongotngao.azdigi.shop\/?product=nuoc-ep-da-bao#primaryimage"},"image":{"@id":"https:\/\/xusongotngao.azdigi.shop\/?product=nuoc-ep-da-bao#primaryimage"},"thumbnailUrl":"https:\/\/xusongotngao.azdigi.shop\/wp-content\/uploads\/2026\/03\/77e42276f3b3ac05e4b62aa83076c12c.jpg","datePublished":"2026-03-13T12:39:41+00:00","dateModified":"2026-03-26T07:58:19+00:00","description":"N\u01b0\u1edbc \u00e9p \u0111\u00e1 b\u00e0o m\u00e1t l\u1ea1nh v\u1edbi h\u01b0\u01a1ng v\u1ecb tr\u00e1i c\u00e2y t\u01b0\u01a1i ngon, gi\u00fap gi\u1ea3i kh\u00e1t v\u00e0 mang l\u1ea1i c\u1ea3m gi\u00e1c s\u1ea3ng kho\u00e1i trong nh\u1eefng ng\u00e0y n\u00f3ng.","breadcrumb":{"@id":"https:\/\/xusongotngao.azdigi.shop\/?product=nuoc-ep-da-bao#breadcrumb"},"inLanguage":"vi","potentialAction":[{"@type":"ReadAction","target":["https:\/\/xusongotngao.azdigi.shop\/?product=nuoc-ep-da-bao"]}]},{"@type":"ImageObject","inLanguage":"vi","@id":"https:\/\/xusongotngao.azdigi.shop\/?product=nuoc-ep-da-bao#primaryimage","url":"https:\/\/xusongotngao.azdigi.shop\/wp-content\/uploads\/2026\/03\/77e42276f3b3ac05e4b62aa83076c12c.jpg","contentUrl":"https:\/\/xusongotngao.azdigi.shop\/wp-content\/uploads\/2026\/03\/77e42276f3b3ac05e4b62aa83076c12c.jpg","width":700,"height":700,"caption":"n\u01b0\u1edbc \u00e9p \u0111\u00e1 b\u00e0o tr\u00e1i c\u00e2y m\u00e1t l\u1ea1nh"},{"@type":"BreadcrumbList","@id":"https:\/\/xusongotngao.azdigi.shop\/?product=nuoc-ep-da-bao#breadcrumb","itemListElement":[{"@type":"ListItem","position":1,"name":"Trang ch\u1ee7","item":"https:\/\/xusongotngao.azdigi.shop\/"},{"@type":"ListItem","position":2,"name":"C\u1eeda h\u00e0ng","item":"https:\/\/xusongotngao.azdigi.shop\/?page_id=506"},{"@type":"ListItem","position":3,"name":"N\u01b0\u1edbc \u00c9p \u0110\u00e1 B\u00e0o"}]},{"@type":"WebSite","@id":"https:\/\/xusongotngao.azdigi.shop\/#website","url":"https:\/\/xusongotngao.azdigi.shop\/","name":"Candy Shop","description":"","potentialAction":[{"@type":"SearchAction","target":{"@type":"EntryPoint","urlTemplate":"https:\/\/xusongotngao.azdigi.shop\/?s={search_term_string}"},"query-input":{"@type":"PropertyValueSpecification","valueRequired":true,"valueName":"search_term_string"}}],"inLanguage":"vi"}]}},"_links":{"self":[{"href":"https:\/\/xusongotngao.azdigi.shop\/index.php?rest_route=\/wp\/v2\/product\/632","targetHints":{"allow":["GET"]}}],"collection":[{"href":"https:\/\/xusongotngao.azdigi.shop\/index.php?rest_route=\/wp\/v2\/product"}],"about":[{"href":"https:\/\/xusongotngao.azdigi.shop\/index.php?rest_route=\/wp\/v2\/types\/product"}],"replies":[{"embeddable":true,"href":"https:\/\/xusongotngao.azdigi.shop\/index.php?rest_route=%2Fwp%2Fv2%2Fcomments&post=632"}],"wp:featuredmedia":[{"embeddable":true,"href":"https:\/\/xusongotngao.azdigi.shop\/index.php?rest_route=\/wp\/v2\/media\/624"}],"wp:attachment":[{"href":"https:\/\/xusongotngao.azdigi.shop\/index.php?rest_route=%2Fwp%2Fv2%2Fmedia&parent=632"}],"wp:term":[{"taxonomy":"product_brand","embeddable":true,"href":"https:\/\/xusongotngao.azdigi.shop\/index.php?rest_route=%2Fwp%2Fv2%2Fproduct_brand&post=632"},{"taxonomy":"product_cat","embeddable":true,"href":"https:\/\/xusongotngao.azdigi.shop\/index.php?rest_route=%2Fwp%2Fv2%2Fproduct_cat&post=632"},{"taxonomy":"product_tag","embeddable":true,"href":"https:\/\/xusongotngao.azdigi.shop\/index.php?rest_route=%2Fwp%2Fv2%2Fproduct_tag&post=632"}],"curies":[{"name":"wp","href":"https:\/\/api.w.org\/{rel}","templated":true}]}}